{"id":714,"date":"2022-06-02T08:57:06","date_gmt":"2022-06-02T08:57:06","guid":{"rendered":"https:\/\/www.bthehotel.ro\/?page_id=714"},"modified":"2024-05-30T12:37:42","modified_gmt":"2024-05-30T12:37:42","slug":"fooldal","status":"publish","type":"page","link":"https:\/\/www.bthehotel.ro\/hu\/","title":{"rendered":"F\u0151oldal"},"content":{"rendered":"<p>Isten hozta a B The Hotelbe, ahol pihenhet, fejedelmi \u00e9teleket fogyaszthat, tal\u00e1lkoz\u00f3kat szervezhet \u00e9s megtapasztalhatja a vend\u00e9gl\u00e1t\u00e1s \u00e9lm\u00e9ny\u00e9t fels\u0151fokon.<\/p>\n","protected":false},"excerpt":{"rendered":"<p>Isten hozta a B The Hotelbe, ahol pihenhet, fejedelmi \u00e9teleket fogyaszthat, tal\u00e1lkoz\u00f3kat szervezhet \u00e9s megtapasztalhatja a vend\u00e9gl\u00e1t\u00e1s \u00e9lm\u00e9ny\u00e9t fels\u0151fokon.<\/p>\n","protected":false},"author":1,"featured_media":3175,"parent":0,"menu_order":0,"comment_status":"closed","ping_status":"closed","template":"homepage.php","meta":{"_acf_changed":false,"footnotes":""},"class_list":["post-714","page","type-page","status-publish","has-post-thumbnail","hentry"],"acf":[],"_links":{"self":[{"href":"https:\/\/www.bthehotel.ro\/hu\/wp-json\/wp\/v2\/pages\/714","targetHints":{"allow":["GET"]}}],"collection":[{"href":"https:\/\/www.bthehotel.ro\/hu\/wp-json\/wp\/v2\/pages"}],"about":[{"href":"https:\/\/www.bthehotel.ro\/hu\/wp-json\/wp\/v2\/types\/page"}],"author":[{"embeddable":true,"href":"https:\/\/www.bthehotel.ro\/hu\/wp-json\/wp\/v2\/users\/1"}],"replies":[{"embeddable":true,"href":"https:\/\/www.bthehotel.ro\/hu\/wp-json\/wp\/v2\/comments?post=714"}],"version-history":[{"count":8,"href":"https:\/\/www.bthehotel.ro\/hu\/wp-json\/wp\/v2\/pages\/714\/revisions"}],"predecessor-version":[{"id":820,"href":"https:\/\/www.bthehotel.ro\/hu\/wp-json\/wp\/v2\/pages\/714\/revisions\/820"}],"wp:featuredmedia":[{"embeddable":true,"href":"https:\/\/www.bthehotel.ro\/hu\/wp-json\/wp\/v2\/media\/3175"}],"wp:attachment":[{"href":"https:\/\/www.bthehotel.ro\/hu\/wp-json\/wp\/v2\/media?parent=714"}],"curies":[{"name":"wp","href":"https:\/\/api.w.org\/{rel}","templated":true}]}}