{"id":725,"date":"2022-07-13T11:08:23","date_gmt":"2022-07-13T11:08:23","guid":{"rendered":"https:\/\/www.bthehotel.ro\/?page_id=725"},"modified":"2024-04-30T08:49:07","modified_gmt":"2024-04-30T08:49:07","slug":"etterem","status":"publish","type":"page","link":"https:\/\/www.bthehotel.ro\/hu\/etterem\/","title":{"rendered":"\u00c9tterem"},"content":{"rendered":"<p>A fine dining m\u0171v\u00e9szete \u00e9s a kulin\u00e1ris innov\u00e1ci\u00f3 tal\u00e1lkoz\u00e1sa: sepsiszentgy\u00f6rgyi \u00e9tterm\u00fcnk olyan \u00e9lm\u00e9nyt \u00edg\u00e9r, amely t\u00falmutat a megszokott \u00e9tkez\u00e9si \u00e9lm\u00e9ny fogalm\u00e1n.<\/p>\n<p>A Beyond \u00e9tterem olyan c\u00e9llal j\u00f6tt l\u00e9tre, hogy \u00fajra\u00e9rtelmezze az \u00e9tkez\u00e9s fogalm\u00e1t, m\u0171v\u00e9szet\u00e9t Sepsiszentgy\u00f6rgy\u00f6n, \u00e9s olyan gasztron\u00f3miai kalandot biztos\u00edtson, amely t\u00falmutat a megszokott \u00e9lm\u00e9ny hat\u00e1rain. 2024 \u00e1prilis\u00e1ban nyitotta meg \u00e9tterm\u00fcnk kapuit, ekkor az innov\u00e1ci\u00f3 kulin\u00e1ris kiv\u00e1l\u00f3s\u00e1ggal tal\u00e1lkozott.<\/p>\n<p>\u00c9tterm\u00fcnk a gourmet, kifinomult, fels\u0151 kateg\u00f3ri\u00e1s gasztron\u00f3miai vonalat k\u00e9pviseli, mindezt er\u0151s\u00edti Kicsi S\u00e1ndor vezet\u0151 s\u00e9f\u00fcnk szak\u00e9rtelme, aki egy \u00faj szakir\u00e1nnyal f\u0171szerezte meg palett\u00e1nkat.<\/p>\n<p>A Beyond egy \u00e9tkez\u00e9si \u00e9lm\u00e9nyt k\u00edn\u00e1l a gasztron\u00f3mia szerelmeseinek, egy olyan \u00e9lm\u00e9nyt, amely t\u00falmutat a hagyom\u00e1nyos gasztron\u00f3mia fogalm\u00e1n, hiszen a s\u00e9f\u00fcnk \u00e1ltal meg\u00e1lmodott \u00e9telkompoz\u00edci\u00f3k az \u00edzek kirobban\u00e1s\u00e1ban gy\u00f6kereznek.<\/p>\n<p>Csapatunk elk\u00f6telezett azir\u00e1nt, hogy egy olyan \u00edz- \u00e9s vend\u00e9gl\u00e1t\u00e1si \u00e9lm\u00e9nyt ny\u00fajtson, amely igaz\u00e1n egyedi \u00e9s felejthetetlen.<\/p>\n<p>\u00c9tkez\u00e9si \u00e9lm\u00e9ny \u00e9s \u00edzvil\u00e1g, innov\u00e1ci\u00f3val f\u0171szerezve: ez a Beyond hitvall\u00e1sa. Ahogy az \u00c9tterm\u00fcnk neve t\u00fckr\u00f6zi c\u00e9lkit\u0171z\u00e9seinket, hiszen szeretn\u00e9nk minden \u00e9tkez\u00e9st megkoron\u00e1zni, egy \u00fcnnepp\u00e9 var\u00e1zsolni.<\/p>\n<p>Sok szeretettel v\u00e1rjuk \u00e9tterm\u00fcnkbe!<\/p>\n","protected":false},"excerpt":{"rendered":"<p>A fine dining m\u0171v\u00e9szete \u00e9s a kulin\u00e1ris innov\u00e1ci\u00f3 tal\u00e1lkoz\u00e1sa: sepsiszentgy\u00f6rgyi \u00e9tterm\u00fcnk olyan \u00e9lm\u00e9nyt \u00edg\u00e9r, amely t\u00falmutat a megszokott \u00e9tkez\u00e9si \u00e9lm\u00e9ny fogalm\u00e1n. A Beyond \u00e9tterem olyan c\u00e9llal j\u00f6tt l\u00e9tre, hogy \u00fajra\u00e9rtelmezze az \u00e9tkez\u00e9s fogalm\u00e1t, m\u0171v\u00e9szet\u00e9t Sepsiszentgy\u00f6rgy\u00f6n, \u00e9s olyan gasztron\u00f3miai kalandot biztos\u00edtson, amely t\u00falmutat a megszokott \u00e9lm\u00e9ny hat\u00e1rain. 2024 \u00e1prilis\u00e1ban nyitotta meg \u00e9tterm\u00fcnk kapuit, ekkor az innov\u00e1ci\u00f3 [&hellip;]<\/p>\n","protected":false},"author":1,"featured_media":705,"parent":0,"menu_order":0,"comment_status":"closed","ping_status":"closed","template":"page-restaurant.php","meta":{"_acf_changed":false,"footnotes":""},"class_list":["post-725","page","type-page","status-publish","has-post-thumbnail","hentry"],"acf":[],"_links":{"self":[{"href":"https:\/\/www.bthehotel.ro\/hu\/wp-json\/wp\/v2\/pages\/725","targetHints":{"allow":["GET"]}}],"collection":[{"href":"https:\/\/www.bthehotel.ro\/hu\/wp-json\/wp\/v2\/pages"}],"about":[{"href":"https:\/\/www.bthehotel.ro\/hu\/wp-json\/wp\/v2\/types\/page"}],"author":[{"embeddable":true,"href":"https:\/\/www.bthehotel.ro\/hu\/wp-json\/wp\/v2\/users\/1"}],"replies":[{"embeddable":true,"href":"https:\/\/www.bthehotel.ro\/hu\/wp-json\/wp\/v2\/comments?post=725"}],"version-history":[{"count":4,"href":"https:\/\/www.bthehotel.ro\/hu\/wp-json\/wp\/v2\/pages\/725\/revisions"}],"predecessor-version":[{"id":2924,"href":"https:\/\/www.bthehotel.ro\/hu\/wp-json\/wp\/v2\/pages\/725\/revisions\/2924"}],"wp:featuredmedia":[{"embeddable":true,"href":"https:\/\/www.bthehotel.ro\/hu\/wp-json\/wp\/v2\/media\/705"}],"wp:attachment":[{"href":"https:\/\/www.bthehotel.ro\/hu\/wp-json\/wp\/v2\/media?parent=725"}],"curies":[{"name":"wp","href":"https:\/\/api.w.org\/{rel}","templated":true}]}}